{"id":2082,"date":"2022-09-23T13:54:23","date_gmt":"2022-09-23T13:54:23","guid":{"rendered":"http:\/\/www.hotel-lipa.si\/najdite-nas\/"},"modified":"2025-07-01T08:31:50","modified_gmt":"2025-07-01T08:31:50","slug":"lokacija","status":"publish","type":"page","link":"https:\/\/www.hotel-lipa.si\/sl\/lokacija\/","title":{"rendered":"Lokacija"},"content":{"rendered":"\t\t<div data-elementor-type=\"wp-page\" data-elementor-id=\"2082\" class=\"elementor elementor-2082 elementor-1327\" data-elementor-post-type=\"page\">\n\t\t\t\t\t\t<section class=\"elementor-section elementor-top-section elementor-element elementor-element-cb9b765 elementor-section-boxed elementor-section-height-default elementor-section-height-default\" data-id=\"cb9b765\" data-element_type=\"section\" data-e-type=\"section\" data-settings=\"{&quot;jet_parallax_layout_list&quot;:[],&quot;background_background&quot;:&quot;classic&quot;}\">\n\t\t\t\t\t\t<div class=\"elementor-container elementor-column-gap-wide\">\n\t\t\t\t\t<div class=\"elementor-column elementor-col-100 elementor-top-column elementor-element elementor-element-e493975\" data-id=\"e493975\" data-element_type=\"column\" data-e-type=\"column\">\n\t\t\t<div class=\"elementor-widget-wrap elementor-element-populated\">\n\t\t\t\t\t\t<div class=\"elementor-element elementor-element-8712075 elementor-widget elementor-widget-heading\" data-id=\"8712075\" data-element_type=\"widget\" data-e-type=\"widget\" data-widget_type=\"heading.default\">\n\t\t\t\t<div class=\"elementor-widget-container\">\n\t\t\t\t\t<p class=\"elementor-heading-title elementor-size-default\">Kje se nahajamo?<\/p>\t\t\t\t<\/div>\n\t\t\t\t<\/div>\n\t\t\t\t<div class=\"elementor-element elementor-element-5f73607 elementor-widget elementor-widget-heading\" data-id=\"5f73607\" data-element_type=\"widget\" data-e-type=\"widget\" data-widget_type=\"heading.default\">\n\t\t\t\t<div class=\"elementor-widget-container\">\n\t\t\t\t\t<h1 class=\"elementor-heading-title elementor-size-default\">Lokacija<\/h1>\t\t\t\t<\/div>\n\t\t\t\t<\/div>\n\t\t\t\t\t<\/div>\n\t\t<\/div>\n\t\t\t\t\t<\/div>\n\t\t<\/section>\n\t\t\t\t<section class=\"elementor-section elementor-top-section elementor-element elementor-element-65b31e0 elementor-section-full_width elementor-reverse-mobile elementor-section-height-default elementor-section-height-default\" data-id=\"65b31e0\" data-element_type=\"section\" data-e-type=\"section\" data-settings=\"{&quot;jet_parallax_layout_list&quot;:[]}\">\n\t\t\t\t\t\t<div class=\"elementor-container elementor-column-gap-wide\">\n\t\t\t\t\t<div class=\"elementor-column elementor-col-50 elementor-top-column elementor-element elementor-element-beb6630\" data-id=\"beb6630\" data-element_type=\"column\" data-e-type=\"column\">\n\t\t\t<div class=\"elementor-widget-wrap elementor-element-populated\">\n\t\t\t\t\t\t<div class=\"elementor-element elementor-element-10d7dcf elementor-widget elementor-widget-html\" data-id=\"10d7dcf\" data-element_type=\"widget\" data-e-type=\"widget\" data-widget_type=\"html.default\">\n\t\t\t\t<div class=\"elementor-widget-container\">\n\t\t\t\t\t<iframe src=\"https:\/\/www.google.com\/maps\/embed?pb=!1m18!1m12!1m3!1d149097.8403564206!2d13.795149147438321!3d46.44616560756957!2m3!1f0!2f0!3f0!3m2!1i1024!2i768!4f13.1!3m3!1m2!1s0x477a7cf005972765%3A0xfb510ec26a874288!2sHotel%20%26%20Restaurant%20Lipa!5e0!3m2!1sen!2ssi!4v1686036641265!5m2!1sen!2ssi\" width=\"600\" height=\"450\" style=\"border:0;\" allowfullscreen=\"\" loading=\"lazy\" referrerpolicy=\"no-referrer-when-downgrade\"><\/iframe>\t\t\t\t<\/div>\n\t\t\t\t<\/div>\n\t\t\t\t\t<\/div>\n\t\t<\/div>\n\t\t\t\t<div class=\"elementor-column elementor-col-50 elementor-top-column elementor-element elementor-element-754496a\" data-id=\"754496a\" data-element_type=\"column\" data-e-type=\"column\">\n\t\t\t<div class=\"elementor-widget-wrap elementor-element-populated\">\n\t\t\t\t\t\t<div class=\"elementor-element elementor-element-57fb715 elementor-widget__width-inherit elementor-widget elementor-widget-text-editor\" data-id=\"57fb715\" data-element_type=\"widget\" data-e-type=\"widget\" data-widget_type=\"text-editor.default\">\n\t\t\t\t<div class=\"elementor-widget-container\">\n\t\t\t\t\t\t\t\t\t<p><br><strong>Lokacija brezpla\u010dnega parkiranja<\/strong><br>Prvo brezpla\u010dno parkiri\u0161\u010de se nahaja tik pred vhodom v hotel &#8211; <a href=\"https:\/\/maps.app.goo.gl\/2b4wExDQHECAYQg4A\" target=\"_blank\" rel=\"noopener\">Oglejte si na Google zemljevidih<\/a><br>Drugo brezpla\u010dno parkiri\u0161\u010de se nahaja na zadnji strani hotela &#8211; <a href=\"https:\/\/maps.app.goo.gl\/R6FrGobwE7NWAwm39\" target=\"_blank\" rel=\"noopener\">Oglejte si na Google zemljevidih<\/a><\/p><p><strong>Prihod iz ljubljanske smeri<\/strong><br>Po regionalni cesti skozi Gornjesavsko dolino pridete v Kranjsko Goro. V Kranjski Gori na prvem kri\u017ei\u0161\u010du zavijete levo, nato takoj desno, po 100 m pridete pred Hotela Lipa. V Kranjski Gori na prvem kri\u017ei\u0161\u010du zavijete levo, nato takoj desno, po 100 m pridete pred Hotela Lipa.<\/p><p><strong>Prihod iz Italije ali Avstrije<\/strong><br>Iz Italije (preko biv\u0161ega mejnega prehoda Rate\u010de) ali iz Avstrije (preko biv\u0161ega mejnega prehoda Korensko sedlo) spremljajte oznake za Kranjsko Goro. Kranjska Gora le\u017ei 5 km od dr\u017eavnih mej. V Kranjski Gori na drugem kri\u017ei\u0161\u010du zavijete desno, nato spet takoj desno, po 100 m pridete do Hotela Lipa. spremljajte oznake za Kranjsko Goro. Kranjska Gora le\u017ei 5 km od dr\u017eavnih mej. V Kranjski Gori na drugem kri\u017ei\u0161\u010du zavijete desno, nato spet takoj desno, po 100 m pridete do Hotela Lipa.<\/p><p><strong>Najbli\u017eja letali\u0161\u010da<\/strong><br>Letali\u0161\u010de Jo\u017eeta Pu\u010dnika na Brniku (70 km), Celovec (65 km), Trst (120 km), Benetke (220 km).<strong>   <\/strong><\/p>\t\t\t\t\t\t\t\t<\/div>\n\t\t\t\t<\/div>\n\t\t\t\t\t<\/div>\n\t\t<\/div>\n\t\t\t\t\t<\/div>\n\t\t<\/section>\n\t\t\t\t<section class=\"elementor-section elementor-top-section elementor-element elementor-element-25dfa9c elementor-section-boxed elementor-section-height-default elementor-section-height-default\" data-id=\"25dfa9c\" data-element_type=\"section\" data-e-type=\"section\" data-settings=\"{&quot;jet_parallax_layout_list&quot;:[]}\">\n\t\t\t\t\t\t<div class=\"elementor-container elementor-column-gap-default\">\n\t\t\t\t\t<div class=\"elementor-column elementor-col-100 elementor-top-column elementor-element elementor-element-f3e7621\" data-id=\"f3e7621\" data-element_type=\"column\" data-e-type=\"column\">\n\t\t\t<div class=\"elementor-widget-wrap elementor-element-populated\">\n\t\t\t\t\t\t<div class=\"elementor-element elementor-element-3b342b5 elementor-widget elementor-widget-jet-slider\" data-id=\"3b342b5\" data-element_type=\"widget\" data-e-type=\"widget\" data-settings=\"{&quot;slider_height&quot;:{&quot;unit&quot;:&quot;px&quot;,&quot;size&quot;:&quot;&quot;,&quot;sizes&quot;:[]},&quot;slider_height_tablet&quot;:{&quot;unit&quot;:&quot;px&quot;,&quot;size&quot;:400,&quot;sizes&quot;:[]},&quot;slider_height_mobile&quot;:{&quot;unit&quot;:&quot;px&quot;,&quot;size&quot;:&quot;&quot;,&quot;sizes&quot;:[]}}\" data-widget_type=\"jet-slider.default\">\n\t\t\t\t<div class=\"elementor-widget-container\">\n\t\t\t\t\t<div class=\"elementor-jet-slider jet-elements\">\n<div class=\"jet-slider jet-slider__image-exact\" data-settings='{&quot;sliderWidth&quot;:1,&quot;sliderHeight&quot;:1,&quot;sliderNavigation&quot;:false,&quot;sliderNavigationIcon&quot;:&quot;jet-slider__arrow-icon-3b342b5&quot;,&quot;sliderNaviOnHover&quot;:false,&quot;sliderPagination&quot;:true,&quot;sliderAutoplay&quot;:false,&quot;sliderAutoplayDelay&quot;:5000,&quot;sliderAutoplayOnHover&quot;:&quot;pause&quot;,&quot;sliderFullScreen&quot;:false,&quot;sliderFullscreenIcon&quot;:&quot;jet-slider__fullscreen-icon-3b342b5&quot;,&quot;sliderShuffle&quot;:false,&quot;sliderLoop&quot;:true,&quot;sliderFadeMode&quot;:false,&quot;slideDistance&quot;:1,&quot;slideDuration&quot;:500,&quot;imageScaleMode&quot;:&quot;exact&quot;,&quot;thumbnails&quot;:false,&quot;thumbnailWidth&quot;:120,&quot;thumbnailHeight&quot;:80,&quot;rightToLeft&quot;:false,&quot;touchswipe&quot;:true,&quot;fractionPag&quot;:false,&quot;fractionPrefix&quot;:&quot;&quot;,&quot;fractionSeparator&quot;:&quot;\\\/&quot;,&quot;fractionSuffix&quot;:&quot;&quot;,&quot;autoSliderHeight&quot;:false}'>\n\t\n<div  class=\"slider-pro\">\n\t<div class=\"jet-slider__arrow-icon-3b342b5 hidden-html\"><\/div><div class=\"jet-slider__fullscreen-icon-3b342b5 hidden-html\"><\/div>\t<div class=\"jet-slider__items sp-slides\">\n\n\n<div  class=\"jet-slider__item sp-slide elementor-repeater-item-197b200\"><img decoding=\"async\" class=\"sp-image\" src=\"https:\/\/www.hotel-lipa.si\/wp-content\/uploads\/2022\/09\/Hotel-lipa-terrace.jpg\" alt=\"Terrace View\" loading=\"lazy\"><div class=\"jet-slider__content sp-layer \" data-position=\"centerCenter\" data-width=\"100%\" data-height=\"100%\" data-horizontal=\"0%\" data-show-transition=\"up\" data-show-duration=\"400\" data-show-delay=\"400\" >\n\t\t<div class=\"jet-slider__content-item\">\n\t\t\t<div class=\"jet-slider__content-inner\"> \n\n\t\t\t\t\t\t<div class=\"jet-slider__button-wrapper\">\t\t\t\t\t\t<\/div><\/div>\n\t\t<\/div>\n\t\t\t<\/div>\n<\/div>\n\n<div  class=\"jet-slider__item sp-slide elementor-repeater-item-8f047a5\"><img decoding=\"async\" class=\"sp-image\" src=\"https:\/\/www.hotel-lipa.si\/wp-content\/uploads\/2022\/09\/Hotel-lipa-view-from-the-parking-lot.jpg\" alt=\"View of the hotel from the parking lot\" loading=\"lazy\"><div class=\"jet-slider__content sp-layer \" data-position=\"centerCenter\" data-width=\"100%\" data-height=\"100%\" data-horizontal=\"0%\" data-show-transition=\"up\" data-show-duration=\"400\" data-show-delay=\"400\" >\n\t\t<div class=\"jet-slider__content-item\">\n\t\t\t<div class=\"jet-slider__content-inner\"> \n\n\t\t\t\t\t\t<div class=\"jet-slider__button-wrapper\">\t\t\t\t\t\t<\/div><\/div>\n\t\t<\/div>\n\t\t\t<\/div>\n<\/div>\n\n<div  class=\"jet-slider__item sp-slide elementor-repeater-item-a20201c\"><img decoding=\"async\" class=\"sp-image\" src=\"https:\/\/www.hotel-lipa.si\/wp-content\/uploads\/2022\/09\/Hotel-lipa-outiside.jpg\" alt=\"Outside view Lipa\" loading=\"lazy\"><div class=\"jet-slider__content sp-layer \" data-position=\"centerCenter\" data-width=\"100%\" data-height=\"100%\" data-horizontal=\"0%\" data-show-transition=\"up\" data-show-duration=\"400\" data-show-delay=\"400\" >\n\t\t<div class=\"jet-slider__content-item\">\n\t\t\t<div class=\"jet-slider__content-inner\"> \n\n\t\t\t\t\t\t<div class=\"jet-slider__button-wrapper\">\t\t\t\t\t\t<\/div><\/div>\n\t\t<\/div>\n\t\t\t<\/div>\n<\/div>\n\n<div  class=\"jet-slider__item sp-slide elementor-repeater-item-e5eb81d\"><img decoding=\"async\" class=\"sp-image\" src=\"https:\/\/www.hotel-lipa.si\/wp-content\/uploads\/2022\/09\/Hotel-Lipa-Finding-Us-1-1024x683.jpg\" alt=\"Finding Hotel Lipa\" loading=\"lazy\"><div class=\"jet-slider__content sp-layer \" data-position=\"centerCenter\" data-width=\"100%\" data-height=\"100%\" data-horizontal=\"0%\" data-show-transition=\"up\" data-show-duration=\"400\" data-show-delay=\"400\" >\n\t\t<div class=\"jet-slider__content-item\">\n\t\t\t<div class=\"jet-slider__content-inner\"> \n\n\t\t\t\t\t\t<div class=\"jet-slider__button-wrapper\">\t\t\t\t\t\t<\/div><\/div>\n\t\t<\/div>\n\t\t\t<\/div>\n<\/div>\n\n<\/div>\n<\/div>\n<\/div>\n<\/div>\t\t\t\t<\/div>\n\t\t\t\t<\/div>\n\t\t\t\t\t<\/div>\n\t\t<\/div>\n\t\t\t\t\t<\/div>\n\t\t<\/section>\n\t\t\t\t<\/div>\n\t\t","protected":false},"excerpt":{"rendered":"<p>Kje se nahajamo? Lokacija Lokacija brezpla\u010dnega parkiranjaPrvo brezpla\u010dno parkiri\u0161\u010de se nahaja tik pred vhodom v hotel &#8211; Oglejte si na Google zemljevidihDrugo brezpla\u010dno parkiri\u0161\u010de se nahaja na zadnji strani hotela &#8211; Oglejte si na Google zemljevidih Prihod iz ljubljanske smeriPo regionalni cesti skozi Gornjesavsko dolino pridete v Kranjsko Goro. V Kranjski Gori na prvem kri\u017ei\u0161\u010du [&hellip;]<\/p>\n","protected":false},"author":1,"featured_media":1329,"parent":0,"menu_order":0,"comment_status":"closed","ping_status":"closed","template":"","meta":{"_jet_sm_ready_style":"","_jet_sm_style":"","_jet_sm_controls_values":"","_jet_sm_fonts_collection":"","_jet_sm_fonts_links":"","footnotes":""},"class_list":["post-2082","page","type-page","status-publish","has-post-thumbnail","hentry"],"yoast_head":"<!-- This site is optimized with the Yoast SEO plugin v26.9 - https:\/\/yoast.com\/product\/yoast-seo-wordpress\/ -->\n<title>Lokacija - Hotel Lipa<\/title>\n<meta name=\"description\" content=\"Navodila, kako najti hotel Lipa v Kranjski Gori iz Ljubljane, Avstrije in Italije ter bli\u017enjih letali\u0161\u010d.\" \/>\n<meta name=\"robots\" content=\"index, follow, max-snippet:-1, max-image-preview:large, max-video-preview:-1\" \/>\n<link rel=\"canonical\" href=\"https:\/\/www.hotel-lipa.si\/sl\/lokacija\/\" \/>\n<meta property=\"og:locale\" content=\"sl_SI\" \/>\n<meta property=\"og:type\" content=\"article\" \/>\n<meta property=\"og:title\" content=\"Lokacija - Hotel Lipa\" \/>\n<meta property=\"og:description\" content=\"Navodila, kako najti hotel Lipa v Kranjski Gori iz Ljubljane, Avstrije in Italije ter bli\u017enjih letali\u0161\u010d.\" \/>\n<meta property=\"og:url\" content=\"https:\/\/www.hotel-lipa.si\/sl\/lokacija\/\" \/>\n<meta property=\"og:site_name\" content=\"Hotel Lipa\" \/>\n<meta property=\"article:publisher\" content=\"https:\/\/www.facebook.com\/hotellipakranjskagora\" \/>\n<meta property=\"article:modified_time\" content=\"2025-07-01T08:31:50+00:00\" \/>\n<meta property=\"og:image\" content=\"https:\/\/www.hotel-lipa.si\/wp-content\/uploads\/2022\/09\/Hotel-Lipa-Finding-Us.jpg\" \/>\n\t<meta property=\"og:image:width\" content=\"1200\" \/>\n\t<meta property=\"og:image:height\" content=\"800\" \/>\n\t<meta property=\"og:image:type\" content=\"image\/jpeg\" \/>\n<meta name=\"twitter:card\" content=\"summary_large_image\" \/>\n<meta name=\"twitter:label1\" content=\"Est. reading time\" \/>\n\t<meta name=\"twitter:data1\" content=\"2 minuti\" \/>\n<script type=\"application\/ld+json\" class=\"yoast-schema-graph\">{\"@context\":\"https:\/\/schema.org\",\"@graph\":[{\"@type\":\"WebPage\",\"@id\":\"https:\/\/www.hotel-lipa.si\/sl\/lokacija\/\",\"url\":\"https:\/\/www.hotel-lipa.si\/sl\/lokacija\/\",\"name\":\"Lokacija - Hotel Lipa\",\"isPartOf\":{\"@id\":\"https:\/\/www.hotel-lipa.si\/sl\/#website\"},\"primaryImageOfPage\":{\"@id\":\"https:\/\/www.hotel-lipa.si\/sl\/lokacija\/#primaryimage\"},\"image\":{\"@id\":\"https:\/\/www.hotel-lipa.si\/sl\/lokacija\/#primaryimage\"},\"thumbnailUrl\":\"https:\/\/www.hotel-lipa.si\/wp-content\/uploads\/2022\/09\/Hotel-Lipa-Finding-Us.jpg\",\"datePublished\":\"2022-09-23T13:54:23+00:00\",\"dateModified\":\"2025-07-01T08:31:50+00:00\",\"description\":\"Navodila, kako najti hotel Lipa v Kranjski Gori iz Ljubljane, Avstrije in Italije ter bli\u017enjih letali\u0161\u010d.\",\"breadcrumb\":{\"@id\":\"https:\/\/www.hotel-lipa.si\/sl\/lokacija\/#breadcrumb\"},\"inLanguage\":\"sl-SI\",\"potentialAction\":[{\"@type\":\"ReadAction\",\"target\":[\"https:\/\/www.hotel-lipa.si\/sl\/lokacija\/\"]}]},{\"@type\":\"ImageObject\",\"inLanguage\":\"sl-SI\",\"@id\":\"https:\/\/www.hotel-lipa.si\/sl\/lokacija\/#primaryimage\",\"url\":\"https:\/\/www.hotel-lipa.si\/wp-content\/uploads\/2022\/09\/Hotel-Lipa-Finding-Us.jpg\",\"contentUrl\":\"https:\/\/www.hotel-lipa.si\/wp-content\/uploads\/2022\/09\/Hotel-Lipa-Finding-Us.jpg\",\"width\":1200,\"height\":800,\"caption\":\"Finding Hotel Lipa\"},{\"@type\":\"BreadcrumbList\",\"@id\":\"https:\/\/www.hotel-lipa.si\/sl\/lokacija\/#breadcrumb\",\"itemListElement\":[{\"@type\":\"ListItem\",\"position\":1,\"name\":\"Home\",\"item\":\"https:\/\/www.hotel-lipa.si\/sl\/\"},{\"@type\":\"ListItem\",\"position\":2,\"name\":\"Lokacija\"}]},{\"@type\":\"WebSite\",\"@id\":\"https:\/\/www.hotel-lipa.si\/sl\/#website\",\"url\":\"https:\/\/www.hotel-lipa.si\/sl\/\",\"name\":\"Hotel Lipa\",\"description\":\"Website of Hotel Lipa\",\"publisher\":{\"@id\":\"https:\/\/www.hotel-lipa.si\/sl\/#organization\"},\"potentialAction\":[{\"@type\":\"SearchAction\",\"target\":{\"@type\":\"EntryPoint\",\"urlTemplate\":\"https:\/\/www.hotel-lipa.si\/sl\/?s={search_term_string}\"},\"query-input\":{\"@type\":\"PropertyValueSpecification\",\"valueRequired\":true,\"valueName\":\"search_term_string\"}}],\"inLanguage\":\"sl-SI\"},{\"@type\":\"Organization\",\"@id\":\"https:\/\/www.hotel-lipa.si\/sl\/#organization\",\"name\":\"Hotel Lipa\",\"url\":\"https:\/\/www.hotel-lipa.si\/sl\/\",\"logo\":{\"@type\":\"ImageObject\",\"inLanguage\":\"sl-SI\",\"@id\":\"https:\/\/www.hotel-lipa.si\/sl\/#\/schema\/logo\/image\/\",\"url\":\"https:\/\/www.hotel-lipa.si\/wp-content\/uploads\/2022\/09\/hotel-lipa-logo-01.svg\",\"contentUrl\":\"https:\/\/www.hotel-lipa.si\/wp-content\/uploads\/2022\/09\/hotel-lipa-logo-01.svg\",\"width\":841.89,\"height\":296.05,\"caption\":\"Hotel Lipa\"},\"image\":{\"@id\":\"https:\/\/www.hotel-lipa.si\/sl\/#\/schema\/logo\/image\/\"},\"sameAs\":[\"https:\/\/www.facebook.com\/hotellipakranjskagora\",\"https:\/\/www.instagram.com\/hotel.restavracija.lipa\/\"]}]}<\/script>\n<!-- \/ Yoast SEO plugin. -->","yoast_head_json":{"title":"Lokacija - Hotel Lipa","description":"Navodila, kako najti hotel Lipa v Kranjski Gori iz Ljubljane, Avstrije in Italije ter bli\u017enjih letali\u0161\u010d.","robots":{"index":"index","follow":"follow","max-snippet":"max-snippet:-1","max-image-preview":"max-image-preview:large","max-video-preview":"max-video-preview:-1"},"canonical":"https:\/\/www.hotel-lipa.si\/sl\/lokacija\/","og_locale":"sl_SI","og_type":"article","og_title":"Lokacija - Hotel Lipa","og_description":"Navodila, kako najti hotel Lipa v Kranjski Gori iz Ljubljane, Avstrije in Italije ter bli\u017enjih letali\u0161\u010d.","og_url":"https:\/\/www.hotel-lipa.si\/sl\/lokacija\/","og_site_name":"Hotel Lipa","article_publisher":"https:\/\/www.facebook.com\/hotellipakranjskagora","article_modified_time":"2025-07-01T08:31:50+00:00","og_image":[{"width":1200,"height":800,"url":"https:\/\/www.hotel-lipa.si\/wp-content\/uploads\/2022\/09\/Hotel-Lipa-Finding-Us.jpg","type":"image\/jpeg"}],"twitter_card":"summary_large_image","twitter_misc":{"Est. reading time":"2 minuti"},"schema":{"@context":"https:\/\/schema.org","@graph":[{"@type":"WebPage","@id":"https:\/\/www.hotel-lipa.si\/sl\/lokacija\/","url":"https:\/\/www.hotel-lipa.si\/sl\/lokacija\/","name":"Lokacija - Hotel Lipa","isPartOf":{"@id":"https:\/\/www.hotel-lipa.si\/sl\/#website"},"primaryImageOfPage":{"@id":"https:\/\/www.hotel-lipa.si\/sl\/lokacija\/#primaryimage"},"image":{"@id":"https:\/\/www.hotel-lipa.si\/sl\/lokacija\/#primaryimage"},"thumbnailUrl":"https:\/\/www.hotel-lipa.si\/wp-content\/uploads\/2022\/09\/Hotel-Lipa-Finding-Us.jpg","datePublished":"2022-09-23T13:54:23+00:00","dateModified":"2025-07-01T08:31:50+00:00","description":"Navodila, kako najti hotel Lipa v Kranjski Gori iz Ljubljane, Avstrije in Italije ter bli\u017enjih letali\u0161\u010d.","breadcrumb":{"@id":"https:\/\/www.hotel-lipa.si\/sl\/lokacija\/#breadcrumb"},"inLanguage":"sl-SI","potentialAction":[{"@type":"ReadAction","target":["https:\/\/www.hotel-lipa.si\/sl\/lokacija\/"]}]},{"@type":"ImageObject","inLanguage":"sl-SI","@id":"https:\/\/www.hotel-lipa.si\/sl\/lokacija\/#primaryimage","url":"https:\/\/www.hotel-lipa.si\/wp-content\/uploads\/2022\/09\/Hotel-Lipa-Finding-Us.jpg","contentUrl":"https:\/\/www.hotel-lipa.si\/wp-content\/uploads\/2022\/09\/Hotel-Lipa-Finding-Us.jpg","width":1200,"height":800,"caption":"Finding Hotel Lipa"},{"@type":"BreadcrumbList","@id":"https:\/\/www.hotel-lipa.si\/sl\/lokacija\/#breadcrumb","itemListElement":[{"@type":"ListItem","position":1,"name":"Home","item":"https:\/\/www.hotel-lipa.si\/sl\/"},{"@type":"ListItem","position":2,"name":"Lokacija"}]},{"@type":"WebSite","@id":"https:\/\/www.hotel-lipa.si\/sl\/#website","url":"https:\/\/www.hotel-lipa.si\/sl\/","name":"Hotel Lipa","description":"Website of Hotel Lipa","publisher":{"@id":"https:\/\/www.hotel-lipa.si\/sl\/#organization"},"potentialAction":[{"@type":"SearchAction","target":{"@type":"EntryPoint","urlTemplate":"https:\/\/www.hotel-lipa.si\/sl\/?s={search_term_string}"},"query-input":{"@type":"PropertyValueSpecification","valueRequired":true,"valueName":"search_term_string"}}],"inLanguage":"sl-SI"},{"@type":"Organization","@id":"https:\/\/www.hotel-lipa.si\/sl\/#organization","name":"Hotel Lipa","url":"https:\/\/www.hotel-lipa.si\/sl\/","logo":{"@type":"ImageObject","inLanguage":"sl-SI","@id":"https:\/\/www.hotel-lipa.si\/sl\/#\/schema\/logo\/image\/","url":"https:\/\/www.hotel-lipa.si\/wp-content\/uploads\/2022\/09\/hotel-lipa-logo-01.svg","contentUrl":"https:\/\/www.hotel-lipa.si\/wp-content\/uploads\/2022\/09\/hotel-lipa-logo-01.svg","width":841.89,"height":296.05,"caption":"Hotel Lipa"},"image":{"@id":"https:\/\/www.hotel-lipa.si\/sl\/#\/schema\/logo\/image\/"},"sameAs":["https:\/\/www.facebook.com\/hotellipakranjskagora","https:\/\/www.instagram.com\/hotel.restavracija.lipa\/"]}]}},"_links":{"self":[{"href":"https:\/\/www.hotel-lipa.si\/sl\/wp-json\/wp\/v2\/pages\/2082","targetHints":{"allow":["GET"]}}],"collection":[{"href":"https:\/\/www.hotel-lipa.si\/sl\/wp-json\/wp\/v2\/pages"}],"about":[{"href":"https:\/\/www.hotel-lipa.si\/sl\/wp-json\/wp\/v2\/types\/page"}],"author":[{"embeddable":true,"href":"https:\/\/www.hotel-lipa.si\/sl\/wp-json\/wp\/v2\/users\/1"}],"replies":[{"embeddable":true,"href":"https:\/\/www.hotel-lipa.si\/sl\/wp-json\/wp\/v2\/comments?post=2082"}],"version-history":[{"count":17,"href":"https:\/\/www.hotel-lipa.si\/sl\/wp-json\/wp\/v2\/pages\/2082\/revisions"}],"predecessor-version":[{"id":3405,"href":"https:\/\/www.hotel-lipa.si\/sl\/wp-json\/wp\/v2\/pages\/2082\/revisions\/3405"}],"wp:featuredmedia":[{"embeddable":true,"href":"https:\/\/www.hotel-lipa.si\/sl\/wp-json\/wp\/v2\/media\/1329"}],"wp:attachment":[{"href":"https:\/\/www.hotel-lipa.si\/sl\/wp-json\/wp\/v2\/media?parent=2082"}],"curies":[{"name":"wp","href":"https:\/\/api.w.org\/{rel}","templated":true}]}}